{"id":10635,"date":"2023-08-11T22:34:57","date_gmt":"2023-08-11T20:34:57","guid":{"rendered":"https:\/\/pasdedieux.com\/pasdedieux-home\/"},"modified":"2023-10-15T14:16:40","modified_gmt":"2023-10-15T12:16:40","slug":"pasdedieux-home","status":"publish","type":"page","link":"https:\/\/pasdedieux.com\/fr\/","title":{"rendered":"Pasdedieux accueil"},"content":{"rendered":"<div class=\"wpb-content-wrapper\"><p>[vc_row][vc_column]\n\t\t\t\t<p class=\"rs-p-wp-fix\"><\/p>\n\t\t\t\t<sr7-module data-alias=\"artistic-padedieux_fr\" data-id=\"14\" id=\"SR7_14_1\" class=\"rs-respect-topbar rs-ov-hidden\" data-version=\"6.7.52\">\n\t\t\t\t\t<sr7-adjuster><\/sr7-adjuster>\n\t\t\t\t\t<sr7-content>\n\t\t\t\t\t\t<sr7-slide id=\"SR7_14_1-21\" data-key=\"21\">\n\t\t\t\t\t\t\t<sr7-bg id=\"SR7_14_1-21-10\" class=\"sr7-layer\"><noscript><img decoding=\"async\" src=\"http:\/\/pasdedieux.com\/wp-content\/uploads\/revslider\/artistic-parallax-slider\/sld3-bg.jpeg\" alt=\"\" title=\"sld3-bg.jpeg\"><\/noscript><\/sr7-bg>\n\t\t\t\t\t\t\t<sr7-txt id=\"SR7_14_1-21-5\" class=\"sr7-layer\">Pas de Dieux<\/sr7-txt>\n\t\t\t\t\t\t\t<sr7-txt id=\"SR7_14_1-21-6\" class=\"sr7-layer\">Th\u00e9\u00e2tre<br \/>\nPhysique<\/sr7-txt>\n\t\t\t\t\t\t\t<sr7-txt id=\"SR7_14_1-21-8\" class=\"sr7-layer\">L'id\u00e9e de la difficult\u00e9 nous anime en permanence. Nous ne voulons pas que l'homme soit un ange; nous voulons qu'il soit un h\u00e9ros. C'est-\u00e0-dire, un homme comme nous, mais qui accomplit des choses extraordinaires. Il saute, oui, mais contre la loi de la gravit\u00e9. Et tout ce qu'il fait, c'est toujours \u00ab contre \u00bb.<br \/>\n -Etienne Decroux<\/sr7-txt>\n\t\t\t\t\t\t<\/sr7-slide>\n\t\t\t\t\t\t<sr7-slide id=\"SR7_14_1-20\" data-key=\"20\">\n\t\t\t\t\t\t\t<sr7-bg id=\"SR7_14_1-20-37\" class=\"sr7-layer\"><noscript><img decoding=\"async\" src=\"https:\/\/pasdedieux.com\/wp-content\/uploads\/revslider\/artistic-parallax-slider\/sld3-bg.jpeg\" alt=\"\" title=\"sld3-bg.jpeg\"><\/noscript><\/sr7-bg>\n\t\t\t\t\t\t\t<sr7-txt id=\"SR7_14_1-20-5\" class=\"sr7-layer\">et retour<\/sr7-txt>\n\t\t\t\t\t\t\t<sr7-txt id=\"SR7_14_1-20-6\" class=\"sr7-layer\">Vers <br \/>\nl'inconnu<\/sr7-txt>\n\t\t\t\t\t\t\t<sr7-txt id=\"SR7_14_1-20-8\" class=\"sr7-layer\">Pourquoi sommes-nous pr\u00e9occup\u00e9s par l'art ? Pour franchir nos fronti\u00e8res, d\u00e9passer nos limitations, combler notre vide - nous accomplir. Ce n'est pas une condition, mais un processus au cours duquel ce qui est sombre en nous devient lentement transparent.<br \/>\n-Jerzy Grotowsky<\/sr7-txt>\n\t\t\t\t\t\t<\/sr7-slide>\n\t\t\t\t\t\t<sr7-slide id=\"SR7_14_1-22\" data-key=\"22\">\n\t\t\t\t\t\t\t<sr7-bg id=\"SR7_14_1-22-33\" class=\"sr7-layer\"><noscript><img decoding=\"async\" src=\"http:\/\/pasdedieux.com\/wp-content\/uploads\/revslider\/artistic-parallax-slider\/sld3-bg.jpeg\" alt=\"\" title=\"sld3-bg.jpeg\"><\/noscript><\/sr7-bg>\n\t\t\t\t\t\t\t<sr7-txt id=\"SR7_14_1-22-6\" class=\"sr7-layer\">une \u00e9trange <br \/>\nodyss\u00e9e<\/sr7-txt>\n\t\t\t\t\t\t\t<sr7-txt id=\"SR7_14_1-22-8\" class=\"sr7-layer\">Ce sol sans chemin et o\u00f9 cependant tout n'est que chemin\u2026 cette terre sans direction puisqu'elle m\u00e8ne partout sans aller pr\u00e9cis\u00e9ment nulle part\u2026<br \/>\n-Benito P\u00e9rez Gald\u00f3s<\/sr7-txt>\n\t\t\t\t\t\t<\/sr7-slide>\n\t\t\t\t\t\t<sr7-slide id=\"SR7_14_1-23\" data-key=\"23\">\n\t\t\t\t\t\t\t<sr7-bg id=\"SR7_14_1-23-35\" class=\"sr7-layer\"><noscript><img decoding=\"async\" src=\"http:\/\/pasdedieux.com\/wp-content\/uploads\/2023\/08\/Leela-teaching.jpg\" alt=\"\" title=\"Leela-teaching\"><\/noscript><\/sr7-bg>\n\t\t\t\t\t\t\t<sr7-txt id=\"SR7_14_1-23-5\" class=\"sr7-layer\">Devenir acteur\/auteur<\/sr7-txt>\n\t\t\t\t\t\t\t<sr7-txt id=\"SR7_14_1-23-6\" class=\"sr7-layer\">croire au travail<\/sr7-txt>\n\t\t\t\t\t\t\t<sr7-txt id=\"SR7_14_1-23-8\" class=\"sr7-layer\">La formation permet \u00e0 l'acteur de devenir un auteur et non seulement un interpr\u00e8te du texte.<\/sr7-txt>\n\t\t\t\t\t\t<\/sr7-slide>\n\t\t\t\t\t\t<sr7-slide id=\"SR7_14_1-27\" data-key=\"27\">\n\t\t\t\t\t\t\t<a id=\"SR7_14_1-27-19\" class=\"sr7-layer\" href=\"https:\/\/www.facebook.com\/pasdedieux\" target=\"_self\"><i class=\"fa-facebook-f\"><\/i><\/a>\n\t\t\t\t\t\t\t<sr7-txt id=\"SR7_14_1-27-22\" class=\"sr7-layer\"><i class=\"fa-angle-up\"><\/i><\/sr7-txt>\n\t\t\t\t\t\t\t<sr7-txt id=\"SR7_14_1-27-23\" class=\"sr7-layer\"><i class=\"fa-angle-down\"><\/i><\/sr7-txt>\n\t\t\t\t\t\t<\/sr7-slide>\n\t\t\t\t\t<\/sr7-content>\n\t\t\t\t\t<image_lists style=\"display:none\">\n\t\t\t\t\t\t<img data-src=\"\/\/pasdedieux.com\/wp-content\/uploads\/revslider\/artistic-parallax-slider\/land.png\" data-libid=\"11037\" data-lib=\"medialibrary\" title=\"land.png\" width=\"0\" height=\"0\" data-dbsrc=\"Ly9wYXNkZWRpZXV4LmNvbS93cC1jb250ZW50L3VwbG9hZHMvcmV2c2xpZGVyL2FydGlzdGljLXBhcmFsbGF4LXNsaWRlci9sYW5kLnBuZw==\"\/>\n\t\t\t\t\t\t<img data-src=\"\/\/pasdedieux.com\/wp-content\/uploads\/2023\/08\/Leela-spin-1.png\" data-libid=\"11123\" data-lib=\"medialibrary\" title=\"Leela spin\" width=\"0\" height=\"0\" data-dbsrc=\"Ly9wYXNkZWRpZXV4LmNvbS93cC1jb250ZW50L3VwbG9hZHMvMjAyMy8wOC9MZWVsYS1zcGluLTEucG5n\"\/>\n\t\t\t\t\t\t<img data-src=\"\/\/pasdedieux.com\/wp-content\/uploads\/revslider\/artistic-parallax-slider\/planet-400x400.png\" data-libid=\"11043\" data-lib=\"medialibrary\" title=\"planet.png\" width=\"0\" height=\"0\" data-dbsrc=\"Ly9wYXNkZWRpZXV4LmNvbS93cC1jb250ZW50L3VwbG9hZHMvcmV2c2xpZGVyL2FydGlzdGljLXBhcmFsbGF4LXNsaWRlci9wbGFuZXQtNDAweDQwMC5wbmc=\"\/>\n\t\t\t\t\t\t<img data-src=\"\/\/pasdedieux.com\/wp-content\/uploads\/revslider\/artistic-parallax-slider\/sld3-bg.jpeg\" data-libid=\"11031\" data-lib=\"medialibrary\" title=\"sld3-bg.jpeg\" width=\"0\" height=\"0\" data-dbsrc=\"Ly9wYXNkZWRpZXV4LmNvbS93cC1jb250ZW50L3VwbG9hZHMvcmV2c2xpZGVyL2FydGlzdGljLXBhcmFsbGF4LXNsaWRlci9zbGQzLWJnLmpwZWc=\"\/>\n\t\t\t\t\t\t<img data-src=\"\/\/pasdedieux.com\/wp-content\/uploads\/2023\/08\/won-jump.png\" data-libid=\"11104\" data-lib=\"medialibrary\" title=\"won-jump\" width=\"0\" height=\"0\" data-dbsrc=\"Ly9wYXNkZWRpZXV4LmNvbS93cC1jb250ZW50L3VwbG9hZHMvMjAyMy8wOC93b24tanVtcC5wbmc=\"\/>\n\t\t\t\t\t\t<img data-src=\"\/\/pasdedieux.com\/wp-content\/uploads\/revslider\/artistic-parallax-slider\/sld3-bg.jpeg\" data-libid=\"11031\" data-lib=\"medialibrary\" title=\"sld3-bg.jpeg\" width=\"0\" height=\"0\" data-dbsrc=\"Ly9wYXNkZWRpZXV4LmNvbS93cC1jb250ZW50L3VwbG9hZHMvcmV2c2xpZGVyL2FydGlzdGljLXBhcmFsbGF4LXNsaWRlci9zbGQzLWJnLmpwZWc=\"\/>\n\t\t\t\t\t\t<img data-src=\"\/\/pasdedieux.com\/wp-content\/uploads\/2023\/08\/donqui-alone-1-188x400.png\" data-libid=\"11115\" data-lib=\"medialibrary\" title=\"donqui-alone\" width=\"0\" height=\"0\" data-dbsrc=\"Ly9wYXNkZWRpZXV4LmNvbS93cC1jb250ZW50L3VwbG9hZHMvMjAyMy8wOC9kb25xdWktYWxvbmUtMS0xODh4NDAwLnBuZw==\"\/>\n\t\t\t\t\t\t<img data-src=\"\/\/pasdedieux.com\/wp-content\/uploads\/revslider\/artistic-parallax-slider\/birds1.png\" data-libid=\"11055\" data-lib=\"medialibrary\" title=\"birds1.png\" width=\"0\" height=\"0\" data-dbsrc=\"Ly9wYXNkZWRpZXV4LmNvbS93cC1jb250ZW50L3VwbG9hZHMvcmV2c2xpZGVyL2FydGlzdGljLXBhcmFsbGF4LXNsaWRlci9iaXJkczEucG5n\"\/>\n\t\t\t\t\t\t<img data-src=\"\/\/pasdedieux.com\/wp-content\/uploads\/revslider\/artistic-parallax-slider\/man-field.png\" data-libid=\"11073\" data-lib=\"medialibrary\" title=\"man-field.png\" width=\"0\" height=\"0\" data-dbsrc=\"Ly9wYXNkZWRpZXV4LmNvbS93cC1jb250ZW50L3VwbG9hZHMvcmV2c2xpZGVyL2FydGlzdGljLXBhcmFsbGF4LXNsaWRlci9tYW4tZmllbGQucG5n\"\/>\n\t\t\t\t\t\t<img data-src=\"\/\/pasdedieux.com\/wp-content\/uploads\/2023\/08\/Leela-teaching.jpg\" data-libid=\"11101\" data-lib=\"medialibrary\" title=\"Leela-teaching\" width=\"0\" height=\"0\" data-dbsrc=\"Ly9wYXNkZWRpZXV4LmNvbS93cC1jb250ZW50L3VwbG9hZHMvMjAyMy8wOC9MZWVsYS10ZWFjaGluZy5qcGc=\"\/>\n\t\t\t\t\t<\/image_lists>\n\t\t\t\t<\/sr7-module>\n\t\t\t\t<script>\n\t\t\t\t\twindow.SR7 ??={};SR7.PMH ??={}; SR7.PMH[\"SR7_14_1\"] = {cn:100,state:false,fn: function() { if (window._tpt!==undefined && window._tpt.prepareModuleHeight !== undefined) {  _tpt.prepareModuleHeight({id:\"SR7_14_1\",el:[900,900,768,960,720],type:'standard',shdw:'0',gh:[900,900,768,960,720],gw:[1240,1240,1024,778,480],vpt:['-200px&#039;,&#039;-200px&#039;,&#039;-200px&#039;,&#039;-200px&#039;,&#039;-200px'],size:{fullWidth:true, fullHeight:true},fho:'#masthead,',mh:'0',onh:0,onw:0,bg:{color:'{\"orig\":\"transparent\",\"type\":\"solid\",\"string\":\"transparent\"}'}});   SR7.PMH[\"SR7_14_1\"].state=true;} else if(SR7.PMH[\"SR7_14_1\"].cn-->0)\tsetTimeout( SR7.PMH[\"SR7_14_1\"].fn,19);}};SR7.PMH[\"SR7_14_1\" ].fn();\n\t\t\t\t<\/script>\n[\/vc_column][\/vc_row][vc_row][vc_column]\n        <div>\n            \n                <div class=\"nk-pagination nk-pagination-nobg nk-pagination-center\">\n                    <a href=\"#nk-toggle-filter\"><span class=\"nk-icon-squares\"><\/span><\/a>\n                <\/div>\n                <ul class=\"nk-isotope-filter\">\n                    <li class=\"active\" data-filter=\"*\">All<\/li>\n                    <li data-filter=\"evenement\" data-term-id=\"62\">Ev\u00e9nement<\/li> <li data-filter=\"stage\" data-term-id=\"71\">Stage<\/li> \n                <\/ul>\n                        <div class=\"nk-blog-list  nk-isotope nk-isotope-3-cols nk-blog-isotope nk-isotope-gap \">                     <div id=\"post-13581\" class=\"nk-isotope-item post-13581 post type-post status-publish format-standard has-post-thumbnail hentry category-evenement\" data-filter=\"evenement\">\n                        <div class=\"nk-blog-post\">\n                                                                                                <div class=\"nk-post-thumb\">\n                                        <a href=\"https:\/\/pasdedieux.com\/fr\/psychophysique-methode\/\">\n                                            <img decoding=\"async\" src=\"https:\/\/pasdedieux.com\/wp-content\/uploads\/2026\/04\/WhatsApp-Image-2026-03-08-at-20.57.24-800x600.jpeg\" alt=\"Formation &#8211; Entra\u00eenement quotidien de l&#8217;acteur : m\u00e9thode psychophysique int\u00e9gr\u00e9e\" class=\"nk-img-stretch\">\n                                        <\/a>\n                                                                                    <div class=\"nk-post-category\">\n                                                <a href=\"https:\/\/pasdedieux.com\/fr\/category\/evenement\/\">Ev\u00e9nement<\/a>\n                                            <\/div>\n                                                                            <\/div>\n                                \n                                <h2 class=\"nk-post-title h4\"><a href=\"https:\/\/pasdedieux.com\/fr\/psychophysique-methode\/\" rel=\"bookmark\">Formation &#8211; Entra\u00eenement quotidien de l&#8217;acteur : m\u00e9thode psychophysique int\u00e9gr\u00e9e<\/a><\/h2>\n                                <div class=\"nk-post-date\">\n                                    mars 8, 2026                                 <\/div>\n\n                                <div class=\"nk-post-text\">\n                                    [vc_row][vc_column][vc_column_text css=\"\"]Nous sommes tr\u00e8s heureux d\u2019annoncer le retour \u00e0 Paris de Leela Alaniz, qui animera...                                <\/div>\n                                                    <\/div>\n                    <\/div>\n                                        <div id=\"post-13497\" class=\"nk-isotope-item post-13497 post type-post status-publish format-standard has-post-thumbnail hentry category-stage\" data-filter=\"stage\">\n                        <div class=\"nk-blog-post\">\n                                                                                                <div class=\"nk-post-thumb\">\n                                        <a href=\"https:\/\/pasdedieux.com\/fr\/masterclass-de-leela-alaniz-2025\/\">\n                                            <img decoding=\"async\" src=\"https:\/\/pasdedieux.com\/wp-content\/uploads\/2025\/09\/Masterclass-Leela-2025-800x600.jpg\" alt=\"Masterclass de Leela Alaniz 2025\" class=\"nk-img-stretch\">\n                                        <\/a>\n                                                                                    <div class=\"nk-post-category\">\n                                                <a href=\"https:\/\/pasdedieux.com\/fr\/category\/stage\/\">Stage<\/a>\n                                            <\/div>\n                                                                            <\/div>\n                                \n                                <h2 class=\"nk-post-title h4\"><a href=\"https:\/\/pasdedieux.com\/fr\/masterclass-de-leela-alaniz-2025\/\" rel=\"bookmark\">Masterclass de Leela Alaniz 2025<\/a><\/h2>\n                                <div class=\"nk-post-date\">\n                                    septembre 12, 2025                                 <\/div>\n\n                                <div class=\"nk-post-text\">\n                                    [vc_row][vc_column][vc_column_text css=\"\"]Masterclass : \u00c9laborer un entra\u00eenement psychophysique pour acteurs, danseurs et performeurs Dur\u00e9e : 3...                                <\/div>\n                                                    <\/div>\n                    <\/div>\n                                        <div id=\"post-13479\" class=\"nk-isotope-item post-13479 post type-post status-publish format-standard has-post-thumbnail hentry category-evenement\" data-filter=\"evenement\">\n                        <div class=\"nk-blog-post\">\n                                                                                                <div class=\"nk-post-thumb\">\n                                        <a href=\"https:\/\/pasdedieux.com\/fr\/les-auditions-de-liti-sont-maintenant-ouvertes\/\">\n                                            <img decoding=\"async\" src=\"https:\/\/pasdedieux.com\/wp-content\/uploads\/2025\/07\/ITI-auditions-2025-featured-800x600.jpg\" alt=\"Les auditions de l\u2019ITI sont ouvertes !\" class=\"nk-img-stretch\">\n                                        <\/a>\n                                                                                    <div class=\"nk-post-category\">\n                                                <a href=\"https:\/\/pasdedieux.com\/fr\/category\/evenement\/\">Ev\u00e9nement<\/a>\n                                            <\/div>\n                                                                            <\/div>\n                                \n                                <h2 class=\"nk-post-title h4\"><a href=\"https:\/\/pasdedieux.com\/fr\/les-auditions-de-liti-sont-maintenant-ouvertes\/\" rel=\"bookmark\">Les auditions de l\u2019ITI sont ouvertes !<\/a><\/h2>\n                                <div class=\"nk-post-date\">\n                                    juillet 8, 2025                                 <\/div>\n\n                                <div class=\"nk-post-text\">\n                                    [vc_row][vc_column][vc_column_text css=\"\"] Dates limites de candidature Candidats internationaux : 31 ao\u00fbtCitoyens et r\u00e9sidents permanents de...                                <\/div>\n                                                    <\/div>\n                    <\/div>\n                                        <div id=\"post-13433\" class=\"nk-isotope-item post-13433 post type-post status-publish format-standard has-post-thumbnail hentry category-stage\" data-filter=\"stage\">\n                        <div class=\"nk-blog-post\">\n                                                                                                <div class=\"nk-post-thumb\">\n                                        <a href=\"https:\/\/pasdedieux.com\/fr\/le-clown-fou-2025\/\">\n                                            <img decoding=\"async\" src=\"https:\/\/pasdedieux.com\/wp-content\/uploads\/2025\/05\/Lluis-Graells-Le-Clown-Fou-ete-2025-800x600.jpg\" alt=\"Le Clown Fou 2025\" class=\"nk-img-stretch\">\n                                        <\/a>\n                                                                                    <div class=\"nk-post-category\">\n                                                <a href=\"https:\/\/pasdedieux.com\/fr\/category\/stage\/\">Stage<\/a>\n                                            <\/div>\n                                                                            <\/div>\n                                \n                                <h2 class=\"nk-post-title h4\"><a href=\"https:\/\/pasdedieux.com\/fr\/le-clown-fou-2025\/\" rel=\"bookmark\">Le Clown Fou 2025<\/a><\/h2>\n                                <div class=\"nk-post-date\">\n                                    mai 25, 2025                                 <\/div>\n\n                                <div class=\"nk-post-text\">\n                                    Nous sommes tr\u00e8s heureux d\u2019annoncer une semaine de camp d\u2019\u00e9t\u00e9 incroyable avec Lluis Graells et...                                <\/div>\n                                                    <\/div>\n                    <\/div>\n                                        <div id=\"post-13305\" class=\"nk-isotope-item post-13305 post type-post status-publish format-standard has-post-thumbnail hentry category-evenement\" data-filter=\"evenement\">\n                        <div class=\"nk-blog-post\">\n                                                                                                <div class=\"nk-post-thumb\">\n                                        <a href=\"https:\/\/pasdedieux.com\/fr\/lluis-graells-ete-2025\/\">\n                                            <img decoding=\"async\" src=\"https:\/\/pasdedieux.com\/wp-content\/uploads\/2025\/05\/Lluis-Graells-stage-dete-featured-2025-800x600.jpg\" alt=\"Lluis Graells \u00e9t\u00e9 2025\" class=\"nk-img-stretch\">\n                                        <\/a>\n                                                                                    <div class=\"nk-post-category\">\n                                                <a href=\"https:\/\/pasdedieux.com\/fr\/category\/evenement\/\">Ev\u00e9nement<\/a>\n                                            <\/div>\n                                                                            <\/div>\n                                \n                                <h2 class=\"nk-post-title h4\"><a href=\"https:\/\/pasdedieux.com\/fr\/lluis-graells-ete-2025\/\" rel=\"bookmark\">Lluis Graells \u00e9t\u00e9 2025<\/a><\/h2>\n                                <div class=\"nk-post-date\">\n                                    mai 25, 2025                                 <\/div>\n\n                                <div class=\"nk-post-text\">\n                                    [vc_row][vc_column][vc_column_text]Nous sommes tr\u00e8s heureux d\u2019annoncer une semaine de stage d\u2019\u00e9t\u00e9 exceptionnelle avec Lluis Graells, qui...                                <\/div>\n                                                    <\/div>\n                    <\/div>\n                                        <div id=\"post-13269\" class=\"nk-isotope-item post-13269 post type-post status-publish format-standard has-post-thumbnail hentry category-evenement\" data-filter=\"evenement\">\n                        <div class=\"nk-blog-post\">\n                                                                                                <div class=\"nk-post-thumb\">\n                                        <a href=\"https:\/\/pasdedieux.com\/fr\/stage-weekend-le-corps-du-personnage-avec-leela-alaniz\/\">\n                                            <img decoding=\"async\" src=\"https:\/\/pasdedieux.com\/wp-content\/uploads\/2025\/05\/Leela-Stage-image-featured-2025-1-800x576.jpg\" alt=\"Stage Weekend avec Leela Alaniz\" class=\"nk-img-stretch\">\n                                        <\/a>\n                                                                                    <div class=\"nk-post-category\">\n                                                <a href=\"https:\/\/pasdedieux.com\/fr\/category\/evenement\/\">Ev\u00e9nement<\/a>\n                                            <\/div>\n                                                                            <\/div>\n                                \n                                <h2 class=\"nk-post-title h4\"><a href=\"https:\/\/pasdedieux.com\/fr\/stage-weekend-le-corps-du-personnage-avec-leela-alaniz\/\" rel=\"bookmark\">Stage Weekend avec Leela Alaniz<\/a><\/h2>\n                                <div class=\"nk-post-date\">\n                                    mai 22, 2025                                 <\/div>\n\n                                <div class=\"nk-post-text\">\n                                    [vc_row][vc_column][vc_column_text css=\"\"]Samedi 14 et dimanche 15 juin 2025 Le corps du personnage avec Leela Alaniz...                                <\/div>\n                                                    <\/div>\n                    <\/div>\n                                <\/div>\n\n                            <div class=\"nk-gap-4\"><\/div>\n                    <\/div>\n\n        \n        [\/vc_column][\/vc_row]<\/p>\n<\/div>","protected":false},"excerpt":{"rendered":"<p>[vc_row][vc_column][\/vc_column][\/vc_row][vc_row][vc_column][\/vc_column][\/vc_row]<\/p>\n","protected":false},"author":2,"featured_media":8442,"parent":0,"menu_order":0,"comment_status":"closed","ping_status":"closed","template":"","meta":{"_acf_changed":false,"_crdt_document":"","_vp_format_video_url":"","_vp_image_focal_point":[],"footnotes":""},"class_list":["post-10635","page","type-page","status-publish","has-post-thumbnail","hentry"],"acf":[],"_links":{"self":[{"href":"https:\/\/pasdedieux.com\/fr\/wp-json\/wp\/v2\/pages\/10635","targetHints":{"allow":["GET"]}}],"collection":[{"href":"https:\/\/pasdedieux.com\/fr\/wp-json\/wp\/v2\/pages"}],"about":[{"href":"https:\/\/pasdedieux.com\/fr\/wp-json\/wp\/v2\/types\/page"}],"author":[{"embeddable":true,"href":"https:\/\/pasdedieux.com\/fr\/wp-json\/wp\/v2\/users\/2"}],"replies":[{"embeddable":true,"href":"https:\/\/pasdedieux.com\/fr\/wp-json\/wp\/v2\/comments?post=10635"}],"version-history":[{"count":15,"href":"https:\/\/pasdedieux.com\/fr\/wp-json\/wp\/v2\/pages\/10635\/revisions"}],"predecessor-version":[{"id":12962,"href":"https:\/\/pasdedieux.com\/fr\/wp-json\/wp\/v2\/pages\/10635\/revisions\/12962"}],"wp:featuredmedia":[{"embeddable":true,"href":"https:\/\/pasdedieux.com\/fr\/wp-json\/wp\/v2\/media\/8442"}],"wp:attachment":[{"href":"https:\/\/pasdedieux.com\/fr\/wp-json\/wp\/v2\/media?parent=10635"}],"curies":[{"name":"wp","href":"https:\/\/api.w.org\/{rel}","templated":true}]}}