{"id":10675,"date":"2023-08-12T11:15:34","date_gmt":"2023-08-12T09:15:34","guid":{"rendered":"https:\/\/pasdedieux.com\/a-propos-de-nous-2\/"},"modified":"2023-08-19T23:49:05","modified_gmt":"2023-08-19T21:49:05","slug":"a-propos-de-nous-2","status":"publish","type":"page","link":"https:\/\/pasdedieux.com\/fr\/a-propos-de-nous-2\/","title":{"rendered":"A propos de nous"},"content":{"rendered":"<div class=\"wpb-content-wrapper\"><p>[vc_row full_width=\u201dstretch_row_content_no_spaces\u201d equal_height=\u201dyes\u201d][vc_column awb_type=\u201dimage\u201d awb_image_background_size=\u201dcontain\u201d awb_image_background_position=\u201d50% 50%\u201d offset=\u201dvc_col-md-6\u2033 awb_image=\u201d11135\u2033]<div class=\"nk-awb  vc_custom_1692443469953\" ><div class=\"nk-awb-wrap\" data-awb-type=\"image\" data-awb-image-background-size=\"cover\" data-awb-image-background-position=\"50% 50%\" data-awb-parallax=\"scroll\" data-awb-parallax-speed=\"0.8\" data-awb-parallax-mobile=\"false\"><div  class=\"nk-awb-inner\"><\/div><\/div><\/div>[\/vc_column][vc_column css=\u201d.vc_custom_1484990967095{padding-top: 152px !important;padding-right: 72px !important;padding-bottom: 117px !important;padding-left: 72px !important;background-color: #ffffff !important;}\u201d offset=\u201dvc_col-md-6\u2033]<h2 class=' display-4 text-xs-left vc_custom_1691832634607 '><\/p>\n<h2 class=\"vc_custom_heading\">NOTRE APPROCHE<\/h2>\n<p><\/h2>[vc_column_text el_class=\u201dmw-500\u2033]Fond\u00e9e en 2004, l\u2019association Pas de Dieux base ses recherches principalement sur les possibilit\u00e9s de mouvement corporel et expression dramatique. Une source importante est bas\u00e9e sur le <strong>Mime Corporel<\/strong> d\u2019Etienne Decroux , une discipline qui isole et articule les diff\u00e9rentes parties du corps en faisant varier les intensit\u00e9s et les rythmes de mouvement et en jouant avec la tension et la d\u00e9tente musculaire. Et puis, nous explorons la \u00ab\u00a0<strong>Lign\u00e9e Organique<\/strong>\u00a0\u00bb de Jerzy Grotowski qui recherche les impulsions int\u00e9rieures qui donnent vie \u00e0 la forme de mouvements corporels et de la voix. \u00a0Pour int\u00e9grer ces techniques de formation au th\u00e9\u00e2tre, nous jouons. Gr\u00e2ce \u00e0 des improvisations, nous cultivons la joie de d\u00e9couvrir l\u2019imagination sans limites.<\/p>\n<p>Nous donnons des stages, travaillons dans les cr\u00e9ations artistiques, et cr\u00e9ons des \u00e9v\u00e9nements d\u2019improvisation. En plus de nos propres stages et programmes de formations, nous recherchons des quatre coins du monde pour vous apporter les ma\u00eetres cach\u00e9s pour partager ses secrets sur l\u2019art de l\u2019acteur. De Paris \u00e0 Singapour, le Pas de Dieux vise un th\u00e9\u00e2tre qui peut traverser les fronti\u00e8res, sans limites de la langue \u00e9crite, et o\u00f9 le corps exprime la po\u00e9sie v\u00e9ritable.[\/vc_column_text][\/vc_column][\/vc_row][vc_row full_width=\u201dstretch_row_content_no_spaces\u201d][vc_column]        <div>\n            \n                <div class=\"nk-pagination nk-pagination-nobg nk-pagination-center\">\n                    <a href=\"#nk-toggle-filter\"><span class=\"nk-icon-squares\"><\/span><\/a>\n                <\/div>\n                <ul class=\"nk-isotope-filter\">\n                    <li class=\"active\" data-filter=\"*\">All<\/li>\n                    <li data-filter=\"equipe\" data-term-id=\"148\">\u00c9quipe<\/li> \n                <\/ul>\n            \n            <div id=\"nk-portfolio-list-1\" class=\" nk-portfolio-list nk-isotope nk-isotope-3-cols nk-load-more-container \">                     <div id=\"work-12782\" class=\"nk-isotope-item \" data-filter=\"equipe\">\n                        <div class=\"nk-portfolio-item nk-portfolio-item-info-style-1 \">\n                                                            <a href=\"https:\/\/pasdedieux.com\/fr\/portfolio\/leela-alaniz\/\" class=\"nk-portfolio-item-link\"><\/a>\n                            \n                                                            \n                                <div class=\"nk-portfolio-item-image\">\n                                    <div style=\"background-image: url('https:\/\/pasdedieux.com\/wp-content\/uploads\/2023\/08\/Leela-profile-800x450.jpg')\"><\/div>\n                                <\/div>\n                            \n                            <div class=\"nk-portfolio-item-info nk-portfolio-item-info-bottom text-xs-left\">\n                                <div>\n                                                                            <h2 class=\"portfolio-item-title h3\">Leela Alaniz, Dr.<\/h2>                                        <div class=\"portfolio-item-category\">\u00c9quipe<\/div>\n                                                                    <\/div>\n                            <\/div>\n                        <\/div>\n                    <\/div>\n                                        <div id=\"work-12817\" class=\"nk-isotope-item \" data-filter=\"equipe\">\n                        <div class=\"nk-portfolio-item nk-portfolio-item-info-style-1 \">\n                                                            <a href=\"https:\/\/pasdedieux.com\/fr\/portfolio\/won-kim\/\" class=\"nk-portfolio-item-link\"><\/a>\n                            \n                                                            \n                                <div class=\"nk-portfolio-item-image\">\n                                    <div style=\"background-image: url('https:\/\/pasdedieux.com\/wp-content\/uploads\/2023\/08\/Won-KIM-profile-800x480.jpg')\"><\/div>\n                                <\/div>\n                            \n                            <div class=\"nk-portfolio-item-info nk-portfolio-item-info-bottom text-xs-left\">\n                                <div>\n                                                                            <h2 class=\"portfolio-item-title h3\">Won Kim, Dr.<\/h2>                                        <div class=\"portfolio-item-category\">\u00c9quipe<\/div>\n                                                                    <\/div>\n                            <\/div>\n                        <\/div>\n                    <\/div>\n                                <\/div>\n\n                            <div style=\"height: 80px;\"><\/div>\n                    <\/div>\n\n                    <div style=\"position: absolute; margin-top: -200px;\"\n                data-nk-infinite-scroll=\"true\"\n                data-id=\"1\"\n                data-next-page-url=\"\">\n            <\/div>\n        \n        [\/vc_column][\/vc_row][vc_row][vc_column width=\u201d1\/4\u2033][\/vc_column][vc_column width=\u201d1\/4\u2033][vc_hoverbox image=\u201d3375\u2033 primary_title=\u201dQu\u2019est-ce que Mime Corporel ?\u201d primary_title_font_container=\u201dcolor:%23ffffff\u201d primary_title_google_fonts=\u201dfont_family:Merriweather%20Sans%3A300%2C300italic%2Cregular%2Citalic%2C700%2C700italic%2C800%2C800italic|font_style:400%20regular%3A400%3Anormal\u201d hover_title=\u201dQu\u2019est-ce que Mime Corporel ?\u201d hover_title_google_fonts=\u201dfont_family:Merriweather%20Sans%3A300%2C300italic%2Cregular%2Citalic%2C700%2C700italic%2C800%2C800italic|font_style:400%20regular%3A400%3Anormal\u201d use_custom_fonts_primary_title=\u201dtrue\u201d use_custom_fonts_hover_title=\u201dtrue\u201d]Cr\u00e9\u00e9e par Etienne Decroux, la technique permet l\u2019acteur de devenir cr\u00e9ateur. Il enseigne la isolation du mouvement des diff\u00e9rentes parties du corps, et incite la composition et de ses possibilit\u00e9s infinies; jouant avec dynamo-rythme; explorent le poids et contrepoids, et enfin transmettant un vocabulaire sp\u00e9cifique qui permet l\u2019expression et la cr\u00e9ation personnelle de chaque acteur\/danseur.<\/p>\n<p>[\/vc_hoverbox][\/vc_column][vc_column width=\u201d1\/4\u2033][vc_hoverbox image=\u201d3376\u2033 primary_title=\u201dQu\u2019est-ce que la Lign\u00e9e Organique ?\u201d primary_title_font_container=\u201dcolor:%23ffffff\u201d primary_title_google_fonts=\u201dfont_family:Merriweather%20Sans%3A300%2C300italic%2Cregular%2Citalic%2C700%2C700italic%2C800%2C800italic|font_style:400%20regular%3A400%3Anormal\u201d hover_title=\u201dQu\u2019est-ce que la Lign\u00e9e Organique ?\u201d hover_title_google_fonts=\u201dfont_family:Merriweather%20Sans%3A300%2C300italic%2Cregular%2Citalic%2C700%2C700italic%2C800%2C800italic|font_style:400%20regular%3A400%3Anormal\u201d use_custom_fonts_primary_title=\u201dtrue\u201d use_custom_fonts_hover_title=\u201dtrue\u201d]D\u00e9velopp\u00e9 par Jerzy Grotowski et d\u2019autres collaborateurs, il explore une \u00e9tude organique sur l\u2019expression de l\u2019acteur, c\u2019est-\u00e0-dire le comportement humain dans son \u00e9tat m\u00e9ta-quotidien. \u00a0Le mouvement corporel cherche sa source \u00e0 l\u2019int\u00e9rieure\u2013les impulsions qui naissent gr\u00e2ce \u00e0 l\u2019immanence. Il y a une s\u00e9rie de exercices cr\u00e9\u00e9s pour explorer la fluidit\u00e9 de ces impulsions.<\/p>\n<p>[\/vc_hoverbox][\/vc_column][vc_column width=\u201d1\/4\u2033][\/vc_column][\/vc_row]<\/p>\n<\/div>","protected":false},"excerpt":{"rendered":"<p>[vc_row full_width=\u201dstretch_row_content_no_spaces\u201d equal_height=\u201dyes\u201d][vc_column awb_type=\u201dimage\u201d awb_image_background_size=\u201dcontain\u201d awb_image_background_position=\u201d50% 50%\u201d offset=\u201dvc_col-md-6\u2033 awb_image=\u201d11135\u2033][\/vc_column][vc_column css=\u201d.vc_custom_1484990967095{padding-top: 152px !important;padding-right: 72px !important;padding-bottom: 117px !important;padding-left: 72px !important;background-color: #ffffff !important;}\u201d offset=\u201dvc_col-md-6\u2033][vc_column_text el_class=\u201dmw-500\u2033]Fond\u00e9e en 2004, l\u2019association Pas de Dieux base ses recherches principalement sur les possibilit\u00e9s de mouvement corporel et expression dramatique. Une source importante est bas\u00e9e sur le Mime Corporel d\u2019Etienne Decroux , une discipline qui isole et articule les diff\u00e9rentes parties du corps en faisant varier les intensit\u00e9s et les rythmes de mouvement et en jouant avec la tension et la d\u00e9tente musculaire. Et puis, nous explorons la \u00ab\u00a0Lign\u00e9e Organique\u00a0\u00bb de Jerzy Grotowski qui recherche les impulsions int\u00e9rieures qui donnent vie \u00e0 la forme de mouvements corporels et de [&hellip;]<\/p>\n","protected":false},"author":2,"featured_media":6574,"parent":0,"menu_order":0,"comment_status":"closed","ping_status":"closed","template":"","meta":{"_acf_changed":false,"_crdt_document":"","_vp_format_video_url":"","_vp_image_focal_point":[],"footnotes":""},"class_list":["post-10675","page","type-page","status-publish","has-post-thumbnail","hentry"],"acf":[],"_links":{"self":[{"href":"https:\/\/pasdedieux.com\/fr\/wp-json\/wp\/v2\/pages\/10675","targetHints":{"allow":["GET"]}}],"collection":[{"href":"https:\/\/pasdedieux.com\/fr\/wp-json\/wp\/v2\/pages"}],"about":[{"href":"https:\/\/pasdedieux.com\/fr\/wp-json\/wp\/v2\/types\/page"}],"author":[{"embeddable":true,"href":"https:\/\/pasdedieux.com\/fr\/wp-json\/wp\/v2\/users\/2"}],"replies":[{"embeddable":true,"href":"https:\/\/pasdedieux.com\/fr\/wp-json\/wp\/v2\/comments?post=10675"}],"version-history":[{"count":23,"href":"https:\/\/pasdedieux.com\/fr\/wp-json\/wp\/v2\/pages\/10675\/revisions"}],"predecessor-version":[{"id":12836,"href":"https:\/\/pasdedieux.com\/fr\/wp-json\/wp\/v2\/pages\/10675\/revisions\/12836"}],"wp:featuredmedia":[{"embeddable":true,"href":"https:\/\/pasdedieux.com\/fr\/wp-json\/wp\/v2\/media\/6574"}],"wp:attachment":[{"href":"https:\/\/pasdedieux.com\/fr\/wp-json\/wp\/v2\/media?parent=10675"}],"curies":[{"name":"wp","href":"https:\/\/api.w.org\/{rel}","templated":true}]}}